{"id":6671,"date":"2018-05-03T18:07:10","date_gmt":"2018-05-03T18:07:10","guid":{"rendered":"https:\/\/lab52-medicalsupplies.com\/politica-de-privacidade\/"},"modified":"2020-09-07T16:59:18","modified_gmt":"2020-09-07T15:59:18","slug":"politica-de-privacidad","status":"publish","type":"page","link":"https:\/\/lab52-medicalsupplies.com\/es\/politica-de-privacidad\/","title":{"rendered":"Pol\u00edtica de Privacidad"},"content":{"rendered":"[vc_row type=\u00bbfull_width_background\u00bb full_screen_row_position=\u00bbmiddle\u00bb bg_image=\u00bb6549&#8243; bg_position=\u00bbcenter center\u00bb bg_repeat=\u00bbno-repeat\u00bb full_height=\u00bbyes\u00bb parallax_bg=\u00bbtrue\u00bb parallax_bg_speed=\u00bbfast\u00bb bg_color=\u00bb#333333&#8243; scene_position=\u00bbcenter\u00bb video_bg=\u00bbuse_video\u00bb video_mute=\u00bbtrue\u00bb text_color=\u00bblight\u00bb text_align=\u00bbleft\u00bb color_overlay=\u00bb#0a0a0a\u00bb overlay_strength=\u00bb0.5&#8243;][vc_column column_padding=\u00bbno-extra-padding\u00bb column_padding_position=\u00bball\u00bb background_color_opacity=\u00bb1&#8243; background_hover_color_opacity=\u00bb1&#8243; column_shadow=\u00bbnone\u00bb width=\u00bb1\/2&#8243; tablet_text_alignment=\u00bbdefault\u00bb phone_text_alignment=\u00bbdefault\u00bb column_border_width=\u00bbnone\u00bb column_border_style=\u00bbsolid\u00bb][vc_custom_heading text=\u00bbPol\u00edtica de Privacidade\u00bb font_container=\u00bbtag:h5|text_align:left|color:%23ffffff\u00bb use_theme_fonts=\u00bbyes\u00bb css_animation=\u00bbfadeInUp\u00bb][split_line_heading]\n<h2>Informa\u00e7\u00e3o Sobre RGDP<\/h2>\n[\/split_line_heading][vc_row_inner column_margin=\u00bbdefault\u00bb text_align=\u00bbleft\u00bb][vc_column_inner enable_animation=\u00bbtrue\u00bb animation=\u00bbfade-in-from-bottom\u00bb column_padding=\u00bbno-extra-padding\u00bb column_padding_position=\u00bball\u00bb background_color_opacity=\u00bb1&#8243; width=\u00bb1\/1&#8243; column_border_width=\u00bbnone\u00bb column_border_style=\u00bbsolid\u00bb delay=\u00bb300&#8243;][vc_custom_heading text=\u00bbNo cumprimento da Lei 67\/98 de 26 de Outubro, e com base no Regulamento Geral de Protec\u00e7\u00e3o de Dados e RGDP que entra em vigor em 25 de maio de 2018 sobre a Prote\u00e7\u00e3o de Dados Pessoais, informamos que o tratamento dos dados pessoais recolhidos no dom\u00ednio www.lab52-medicalsupplies.com \u00e9 da responsabilidade da Lab52 Unipessoal Lda. com morada em Rua Oliveira Monteiro 358, 4050-439 Porto, registada na Conservat\u00f3ria do Registo Comercial de Matosinhos sob o n\u00famero \u00fanico de matr\u00edcula e de pessoa colectiva 514 016 612.\u00bb font_container=\u00bbtag:p|text_align:left|color:%23ffffff\u00bb use_theme_fonts=\u00bbyes\u00bb][\/vc_column_inner][\/vc_row_inner][\/vc_column][vc_column column_padding=\u00bbno-extra-padding\u00bb column_padding_position=\u00bball\u00bb background_color_opacity=\u00bb1&#8243; background_hover_color_opacity=\u00bb1&#8243; column_shadow=\u00bbnone\u00bb width=\u00bb1\/2&#8243; tablet_text_alignment=\u00bbdefault\u00bb phone_text_alignment=\u00bbdefault\u00bb column_border_width=\u00bbnone\u00bb column_border_style=\u00bbsolid\u00bb][\/vc_column][\/vc_row][vc_row type=\u00bbin_container\u00bb full_screen_row_position=\u00bbmiddle\u00bb scene_position=\u00bbcenter\u00bb text_color=\u00bbdark\u00bb text_align=\u00bbleft\u00bb overlay_strength=\u00bb0.3&#8243;][vc_column column_padding=\u00bbno-extra-padding\u00bb column_padding_position=\u00bball\u00bb background_color_opacity=\u00bb1&#8243; background_hover_color_opacity=\u00bb1&#8243; column_shadow=\u00bbnone\u00bb width=\u00bb1\/1&#8243; tablet_text_alignment=\u00bbdefault\u00bb phone_text_alignment=\u00bbdefault\u00bb column_border_width=\u00bbnone\u00bb column_border_style=\u00bbsolid\u00bb][vc_row_inner column_margin=\u00bbdefault\u00bb text_align=\u00bbleft\u00bb css=\u00bb.vc_custom_1525372354407{padding-top: 10% !important;padding-bottom: 5% !important;}\u00bb][vc_column_inner column_padding=\u00bbno-extra-padding\u00bb column_padding_position=\u00bball\u00bb background_color_opacity=\u00bb1&#8243; width=\u00bb1\/1&#8243; column_border_width=\u00bbnone\u00bb column_border_style=\u00bbsolid\u00bb][vc_column_text]\n<h4>Finalidade do tratamento de Dados Pessoais?<\/h4>\n[\/vc_column_text][divider line_type=\u00bbSmall Line\u00bb line_thickness=\u00bb2&#8243; divider_color=\u00bbaccent-color\u00bb animate=\u00bbyes\u00bb custom_line_width=\u00bb200&#8243;][vc_column_text]\n<p>Os dados recolhidos pela empresa Lab52 Unipessoal Lda., como: nome, morada, c\u00f3digo postal, cidade, pa\u00eds, e-mail, NIF entre outros dados necess\u00e1rios para identifica\u00e7\u00e3o e contactos, destinam-se, e mediante consentimento para o efeito, ao processamento das encomendas, pedidos de informa\u00e7\u00e3o, eventuais reclama\u00e7\u00f5es, an\u00e1lises estat\u00edsticas, question\u00e1rios de satisfa\u00e7\u00e3o, realiza\u00e7\u00e3o de auditorias e investiga\u00e7\u00f5es, gest\u00e3o de bases de dados internas e de recursos humanos, envio de comunica\u00e7\u00f5es de marketing sobre produtos, servi\u00e7os e divulga\u00e7\u00f5es institucionais atrav\u00e9s de e-mail, servi\u00e7os de telefone\/mensagem e\/ou cartas. Para o cumprimento de obriga\u00e7\u00f5es legais, a Lab52 Unipessoal Lda. ainda pode utilizar os dados pessoais, estritamente necess\u00e1rios, para a divulga\u00e7\u00e3o de dados na sequ\u00eancia de mandatos judiciais, colabora\u00e7\u00e3o com os reguladores e a defesa dos interesses leg\u00edtimos da Lab52 Unipessoal Lda..<\/p>\n<p>A Lab52 Unipessoal Lda. garante a confidencialidade de todos os dados fornecidos pelos clientes. N\u00e3o obstante a Lab52 Unipessoal Lda. proceder \u00e0 recolha e ao tratamento de dados de forma segura e que impede a sua perda ou manipula\u00e7\u00e3o, utilizando as t\u00e9cnicas mais aperfei\u00e7oadas para o efeito, informamos que a recolha em rede aberta permite a circula\u00e7\u00e3o dos dados pessoais sem condi\u00e7\u00f5es de seguran\u00e7a, correndo o risco de ser vistos e utilizados por terceiros n\u00e3o autorizados.<\/p>\n<p>Os seus dados pessoais n\u00e3o ser\u00e3o utilizados para outras finalidades que n\u00e3o as descritas na presente pol\u00edtica, sem que tal seja previamente informado ou, se for o caso, obtido o seu consentimento. Os seus dados ser\u00e3o tratados pela Lab52 Unipessoal Lda. aplicando medidas t\u00e9cnicas e organizativas adequadas para assegurar um n\u00edvel elevado de seguran\u00e7a, nos termos do RGPD.<\/p>\n<p>Os seus dados apenas ser\u00e3o utilizados se verificada uma das situa\u00e7\u00f5es seguintes:<\/p>\n<ol>\n<li>Prestou o seu consentimento atrav\u00e9s da assinatura ou aceita\u00e7\u00e3o de um formul\u00e1rio online ou em papel;<\/li>\n<li>Os dados forem necess\u00e1rios para o cumprimento das obriga\u00e7\u00f5es legais de fatura\u00e7\u00e3o;<\/li>\n<li>Os dados forem necess\u00e1rios para dar cumprimento a uma obriga\u00e7\u00e3o legal a que a Lab52 Unipessoal Lda. est\u00e1 sujeita, tal como a divulga\u00e7\u00e3o de dados \u00e0 Administra\u00e7\u00e3o Tribut\u00e1ria e \u00e0 Seguran\u00e7a Social, bem como outras autoridades;<\/li>\n<li>Os dados forem necess\u00e1rios para efeito dos interesses leg\u00edtimos prosseguidos pela Lab52 Unipessoal Lda., desde que n\u00e3o prevale\u00e7am sobre os interesses ou direitos, liberdades e garantias do titular dos dados.<\/li>\n<\/ol>\n[\/vc_column_text][\/vc_column_inner][\/vc_row_inner][vc_row_inner column_margin=\u00bbdefault\u00bb text_align=\u00bbleft\u00bb css=\u00bb.vc_custom_1525372363353{padding-top: 5% !important;padding-bottom: 5% !important;}\u00bb][vc_column_inner column_padding=\u00bbno-extra-padding\u00bb column_padding_position=\u00bball\u00bb background_color_opacity=\u00bb1&#8243; width=\u00bb1\/1&#8243; column_border_width=\u00bbnone\u00bb column_border_style=\u00bbsolid\u00bb][vc_column_text]\n<h4>Por quanto tempo conservar\u00e3o a minha informa\u00e7\u00e3o?<\/h4>\n[\/vc_column_text][divider line_type=\u00bbSmall Line\u00bb line_thickness=\u00bb2&#8243; divider_color=\u00bbaccent-color\u00bb animate=\u00bbyes\u00bb custom_line_width=\u00bb200&#8243;][vc_column_text]Os seus dados pessoais ser\u00e3o conservados pelo per\u00edodo de tempo m\u00ednimo necess\u00e1rio e proporcional para a prossecu\u00e7\u00e3o das finalidades acima descritas ou, a qualquer momento, por solicita\u00e7\u00e3o do pr\u00f3prio cliente, atrav\u00e9s dos meios informados nesta pol\u00edtica de privacidade, a pedir a exclus\u00e3o dos seus dados e retirar o consentimento para o presente tratamento e\/ou exercer o direito de portabilidade.[\/vc_column_text][\/vc_column_inner][\/vc_row_inner][vc_row_inner column_margin=\u00bbdefault\u00bb text_align=\u00bbleft\u00bb css=\u00bb.vc_custom_1525372367997{padding-top: 5% !important;padding-bottom: 5% !important;}\u00bb][vc_column_inner column_padding=\u00bbno-extra-padding\u00bb column_padding_position=\u00bball\u00bb background_color_opacity=\u00bb1&#8243; width=\u00bb1\/1&#8243; column_border_width=\u00bbnone\u00bb column_border_style=\u00bbsolid\u00bb][vc_column_text]\n<h4>Quais s\u00e3o os meus direitos?<\/h4>\n[\/vc_column_text][divider line_type=\u00bbSmall Line\u00bb line_thickness=\u00bb2&#8243; divider_color=\u00bbaccent-color\u00bb animate=\u00bbyes\u00bb custom_line_width=\u00bb200&#8243;][vc_column_text]Todos os clientes t\u00eam o direito de acesso, retifica\u00e7\u00e3o, cancelamento e oposi\u00e7\u00e3o dos seus dados.<\/p>\n<p>A qualquer momento, pode solicitar-nos:<\/p>\n<ol>\n<li>O acesso aos seus dados pessoais;<\/li>\n<li>A retifica\u00e7\u00e3o da sua informa\u00e7\u00e3o pessoal;<\/li>\n<li>A oposi\u00e7\u00e3o, o apagamento ou a limita\u00e7\u00e3o do tratamento dos seus dados pessoais;<\/li>\n<li>A portabilidade dos dados pessoais anteriormente fornecidos, de forma estruturada, compat\u00edvel e num formato leg\u00edvel.<\/li>\n<\/ol>\n<p>Caso deseje, a qualquer momento, usufruir de algum direito acima referido, pode faz\u00ea-lo atrav\u00e9s dos seguintes meios:<\/p>\n<p>Email: geral@lab52-medicalsupplies.com<\/p>\n<p>Carta: Rua Oliveira Monteiro 358, 4050-439 Porto<\/p>\n<p>Site: www.lab52-medicalsupplies.com<\/p>\n<p>Os seus pedidos ser\u00e3o tratados com especial cuidado, de forma a que possamos assegurar a efic\u00e1cia dos seus direitos. Deve ter presente, que em certos casos, nos termos da lei aplic\u00e1vel o seu pedido poder\u00e1 n\u00e3o ser imediato ou integralmente satisfeito. De qualquer modo, ser\u00e1 informado das medidas tomadas nesse sentido, no prazo de um m\u00eas a partir do momento em que o pedido for efetuado.<\/p>\n<p>Ao concordar e autorizar a fazer parte da nossa base de dados, o cliente autoriza expressamente a Lab52 Unipessoal Lda. a enviar informa\u00e7\u00e3o sobre produtos e servi\u00e7os que possam ser do seu interesse utilizando os seus dados pessoais para efeitos de marketing direto atrav\u00e9s de qualquer canal de comunica\u00e7\u00e3o, nomeadamente mediante a utiliza\u00e7\u00e3o de correio eletr\u00f3nico, SMS, MMS ou outras formas de chamada autom\u00e1tica. A Lab52 Unipessoal Lda. n\u00e3o comercializar\u00e1 nem partilhar\u00e1 a sua base de dados de clientes com terceiros.[\/vc_column_text][\/vc_column_inner][\/vc_row_inner][vc_row_inner column_margin=\u00bbdefault\u00bb text_align=\u00bbleft\u00bb css=\u00bb.vc_custom_1525372373746{padding-top: 5% !important;padding-bottom: 5% !important;}\u00bb][vc_column_inner column_padding=\u00bbno-extra-padding\u00bb column_padding_position=\u00bball\u00bb background_color_opacity=\u00bb1&#8243; width=\u00bb1\/1&#8243; column_border_width=\u00bbnone\u00bb column_border_style=\u00bbsolid\u00bb][vc_column_text]\n<h4>Pol\u00edtica de Cookies<\/h4>\n[\/vc_column_text][divider line_type=\u00bbSmall Line\u00bb line_thickness=\u00bb2&#8243; divider_color=\u00bbaccent-color\u00bb animate=\u00bbyes\u00bb custom_line_width=\u00bb200&#8243;][vc_column_text]Usamos cookies no nosso website para melhorar o desempenho e a sua experi\u00eancia como utilizador.[\/vc_column_text][\/vc_column_inner][\/vc_row_inner][vc_row_inner column_margin=\u00bbdefault\u00bb text_align=\u00bbleft\u00bb css=\u00bb.vc_custom_1525372383421{padding-top: 5% !important;padding-bottom: 5% !important;}\u00bb][vc_column_inner column_padding=\u00bbno-extra-padding\u00bb column_padding_position=\u00bball\u00bb background_color_opacity=\u00bb1&#8243; width=\u00bb1\/1&#8243; column_border_width=\u00bbnone\u00bb column_border_style=\u00bbsolid\u00bb][vc_column_text]\n<h4><strong>O que s\u00e3o Cookies?<\/strong><\/h4>\n[\/vc_column_text][divider line_type=\u00bbSmall Line\u00bb line_thickness=\u00bb2&#8243; divider_color=\u00bbaccent-color\u00bb animate=\u00bbyes\u00bb custom_line_width=\u00bb200&#8243;][vc_column_text]\n<div class=\"accordion-item\">\n<div class=\"accordion-inner\">\n<p>\u00abCookies\u00bb s\u00e3o pequenos ficheiros de texto que s\u00e3o armazenados no seu computador ou no seu dispositivo m\u00f3vel atrav\u00e9s do navegador de internet (browser), retendo apenas informa\u00e7\u00e3o relacionada com as suas prefer\u00eancias, n\u00e3o incluindo, como tal, os seus dados pessoais. A coloca\u00e7\u00e3o de cookies ajudar\u00e1 o website a reconhecer o seu dispositivo na pr\u00f3xima vez que o utilizador o visita.<\/p>\n<p>Usamos o termo cookies nesta pol\u00edtica para referir todos os ficheiros que recolhem informa\u00e7\u00f5es desta forma.<\/p>\n<p>Os cookies utilizados n\u00e3o recolhem informa\u00e7\u00e3o que identifica o utilizador. Os cookies recolhem informa\u00e7\u00f5es gen\u00e9ricas, designadamente a forma como os utilizadores chegam e utilizam os websites ou a zona do pa\u00eds\/pa\u00edses atrav\u00e9s do qual acedem ao website, etc.<\/p>\n<p>Os cookies ret\u00eam apenas informa\u00e7\u00e3o relacionada com as suas prefer\u00eancias. A qualquer momento o utilizador pode, atrav\u00e9s do seu navegador de internet (browser) decidir ser notificado sobre a rece\u00e7\u00e3o de cookies, bem como bloquear a respetiva entrada no seu sistema.<\/p>\n<p>A recusa de uso de cookies no website, pode resultar na impossibilidade de ter acesso a algumas das suas \u00e1reas ou de receber informa\u00e7\u00e3o personalizada.<\/p>\n<\/div>\n<\/div>\n[\/vc_column_text][\/vc_column_inner][\/vc_row_inner][vc_row_inner column_margin=\u00bbdefault\u00bb text_align=\u00bbleft\u00bb css=\u00bb.vc_custom_1525372391115{padding-top: 5% !important;padding-bottom: 5% !important;}\u00bb][vc_column_inner column_padding=\u00bbno-extra-padding\u00bb column_padding_position=\u00bball\u00bb background_color_opacity=\u00bb1&#8243; width=\u00bb1\/1&#8243; column_border_width=\u00bbnone\u00bb column_border_style=\u00bbsolid\u00bb][vc_column_text]\n<h4><strong>Para que servem os Cookies?<\/strong><\/h4>\n[\/vc_column_text][divider line_type=\u00bbSmall Line\u00bb line_thickness=\u00bb2&#8243; divider_color=\u00bbaccent-color\u00bb animate=\u00bbyes\u00bb custom_line_width=\u00bb200&#8243;][vc_column_text]Os cookies servem para ajudar a determinar a utilidade, interesse e o n\u00famero de utiliza\u00e7\u00f5es dos seus websites, permitindo uma navega\u00e7\u00e3o mais r\u00e1pida e eficiente, eliminando a necessidade de introduzir repetidamente as mesmas informa\u00e7\u00f5es.<\/p>\n[\/vc_column_text][\/vc_column_inner][\/vc_row_inner][vc_row_inner column_margin=\u00bbdefault\u00bb text_align=\u00bbleft\u00bb css=\u00bb.vc_custom_1525372391115{padding-top: 5% !important;padding-bottom: 5% !important;}\u00bb][vc_column_inner column_padding=\u00bbno-extra-padding\u00bb column_padding_position=\u00bball\u00bb background_color_opacity=\u00bb1&#8243; width=\u00bb1\/1&#8243; column_border_width=\u00bbnone\u00bb column_border_style=\u00bbsolid\u00bb][vc_column_text]\n<h4><strong>Que tipo de Cookies utilizamos?<\/strong><\/h4>\n[\/vc_column_text][divider line_type=\u00bbSmall Line\u00bb line_thickness=\u00bb2&#8243; divider_color=\u00bbaccent-color\u00bb animate=\u00bbyes\u00bb custom_line_width=\u00bb200&#8243;][vc_column_text]<strong>Cookies estritamente necess\u00e1rios (essenciais)<\/strong><\/p>\n<p>Permitem a navega\u00e7\u00e3o no website e a utiliza\u00e7\u00e3o das suas aplica\u00e7\u00f5es, bem como aceder a \u00e1reas seguras do website. Sem estes cookies, os servi\u00e7os, que tenha requerido, n\u00e3o podem ser prestados. Alguns cookies s\u00e3o essenciais para aceder a \u00e1reas espec\u00edficas do nosso website.<\/p>\n<p><strong>Cookies Anal\u00edticos<\/strong><\/p>\n<p>Estes cookies s\u00e3o utilizados para analisar a forma como os utilizadores usam o website e monitorar a performance deste. Isto permite-nos fornecer uma experi\u00eancia de alta qualidade ao personalizar a nossa oferta e rapidamente identificar e corrigir quaisquer problemas que surjam. Por exemplo, usamos cookies de desempenho para saber quais as p\u00e1ginas mais populares, qual o m\u00e9todo de liga\u00e7\u00e3o entre p\u00e1ginas que \u00e9 mais eficaz, ou para determinar a raz\u00e3o de algumas p\u00e1ginas estarem a receber mensagens de erro. Estes cookies s\u00e3o utilizados apenas para efeitos de cria\u00e7\u00e3o e an\u00e1lise estat\u00edstica, sem nunca recolher informa\u00e7\u00e3o de car\u00e1cter pessoal.<\/p>\n<p><strong>Cookies de Funcionalidade<\/strong><\/p>\n<p>Guardam as prefer\u00eancias do utilizador relativamente \u00e0 utiliza\u00e7\u00e3o do website, de forma que n\u00e3o seja necess\u00e1rio voltar a configurar o website cada vez que o visita.<\/p>\n<p><strong>Cookies de Terceiros<\/strong><\/p>\n<p>Medem o sucesso de aplica\u00e7\u00f5es e a efic\u00e1cia da publicidade de terceiros. Podem tamb\u00e9m ser utilizados no sentido de personalizar um widget com dados do utilizador.<\/p>\n[\/vc_column_text][\/vc_column_inner][\/vc_row_inner][vc_row_inner column_margin=\u00bbdefault\u00bb text_align=\u00bbleft\u00bb css=\u00bb.vc_custom_1525372391115{padding-top: 5% !important;padding-bottom: 5% !important;}\u00bb][vc_column_inner column_padding=\u00bbno-extra-padding\u00bb column_padding_position=\u00bball\u00bb background_color_opacity=\u00bb1&#8243; width=\u00bb1\/1&#8243; column_border_width=\u00bbnone\u00bb column_border_style=\u00bbsolid\u00bb][vc_column_text]\n<h4><strong>Os Cookies podem ser:<\/strong><\/h4>\n[\/vc_column_text][divider line_type=\u00bbSmall Line\u00bb line_thickness=\u00bb2&#8243; divider_color=\u00bbaccent-color\u00bb animate=\u00bbyes\u00bb custom_line_width=\u00bb200&#8243;][vc_column_text]<strong>1) Cookies Permanentes<\/strong><\/p>\n<p>Ficam armazenados, por tempo vari\u00e1vel, ao n\u00edvel do navegador de internet (browser) nos seus dispositivos de acesso (computador, mobile e tablet) e s\u00e3o utilizados sempre que o utilizador faz uma nova visita ao website. Geralmente s\u00e3o utilizados para direcionar a navega\u00e7\u00e3o de acordo com os interesses do utilizador, permitindo-nos prestar um servi\u00e7o mais personalizado.<\/p>\n<p><strong>2) Cookies de Sess\u00e3o<\/strong><\/p>\n<p>S\u00e3o tempor\u00e1rios, permanecem nos cookies do seu navegador de internet (browser) at\u00e9 sair do website. A informa\u00e7\u00e3o obtida permite identificar problemas e fornecer uma melhor experi\u00eancia de navega\u00e7\u00e3o.[\/vc_column_text][\/vc_column_inner][\/vc_row_inner][vc_row_inner column_margin=\u00bbdefault\u00bb text_align=\u00bbleft\u00bb css=\u00bb.vc_custom_1525372391115{padding-top: 5% !important;padding-bottom: 5% !important;}\u00bb][vc_column_inner column_padding=\u00bbno-extra-padding\u00bb column_padding_position=\u00bball\u00bb background_color_opacity=\u00bb1&#8243; width=\u00bb1\/1&#8243; column_border_width=\u00bbnone\u00bb column_border_style=\u00bbsolid\u00bb][vc_column_text]\n<h4><strong>Como pode gerir os Cookies?<\/strong><\/h4>\n[\/vc_column_text][divider line_type=\u00bbSmall Line\u00bb line_thickness=\u00bb2&#8243; divider_color=\u00bbaccent-color\u00bb animate=\u00bbyes\u00bb custom_line_width=\u00bb200&#8243;][vc_column_text]Como explic\u00e1mos os cookies ajudam-no a tirar o m\u00e1ximo proveito do nosso website. Todos os navegadores de internet (browsers) permitem ao utilizador aceitar, recusar ou apagar cookies, nomeadamente atrav\u00e9s da sele\u00e7\u00e3o das defini\u00e7\u00f5es apropriadas no respetivo navegador de internet (browser). Depois de autorizar o uso de cookies, o utilizador pode sempre desativar parte ou a totalidade dos nossos cookies.[\/vc_column_text][\/vc_column_inner][\/vc_row_inner][vc_row_inner column_margin=\u00bbdefault\u00bb text_align=\u00bbleft\u00bb css=\u00bb.vc_custom_1525372391115{padding-top: 5% !important;padding-bottom: 5% !important;}\u00bb][vc_column_inner column_padding=\u00bbno-extra-padding\u00bb column_padding_position=\u00bball\u00bb background_color_opacity=\u00bb1&#8243; width=\u00bb1\/1&#8243; column_border_width=\u00bbnone\u00bb column_border_style=\u00bbsolid\u00bb][vc_column_text]\n<h4><strong>Links<\/strong><\/h4>\n[\/vc_column_text][divider line_type=\u00bbSmall Line\u00bb line_thickness=\u00bb2&#8243; divider_color=\u00bbaccent-color\u00bb animate=\u00bbyes\u00bb custom_line_width=\u00bb200&#8243;][vc_column_text]Para obter mais informa\u00e7\u00f5es sobre cookies e a respetiva utiliza\u00e7\u00e3o, sugerimos que consulte os seguintes links, que apenas se encontram em vers\u00e3o inglesa: www.allaboutcookies.org[\/vc_column_text][\/vc_column_inner][\/vc_row_inner][vc_row_inner column_margin=\u00bbdefault\u00bb text_align=\u00bbleft\u00bb css=\u00bb.vc_custom_1525372391115{padding-top: 5% !important;padding-bottom: 5% !important;}\u00bb][vc_column_inner column_padding=\u00bbno-extra-padding\u00bb column_padding_position=\u00bball\u00bb background_color_opacity=\u00bb1&#8243; width=\u00bb1\/1&#8243; column_border_width=\u00bbnone\u00bb column_border_style=\u00bbsolid\u00bb][vc_column_text]\n<h4><strong>D\u00favidas<\/strong><\/h4>\n[\/vc_column_text][divider line_type=\u00bbSmall Line\u00bb line_thickness=\u00bb2&#8243; divider_color=\u00bbaccent-color\u00bb animate=\u00bbyes\u00bb custom_line_width=\u00bb200&#8243;][vc_column_text]Se permanecer com alguma d\u00favida referente a esta pol\u00edtica ou outras quest\u00f5es de privacidade, ou pretender exercer algum dos seus direitos, por favor, entre em contacto, atrav\u00e9s do e-mail:\u00a0geral@lab52-medicalsupplies.com, pelo telefone: (+351) 914 592 380 ou ainda pelo endere\u00e7o: Rua Oliveira Monteiro 358, 4050-439 Porto, Portugal.[\/vc_column_text][\/vc_column_inner][\/vc_row_inner][vc_row_inner column_margin=\u00bbdefault\u00bb text_align=\u00bbleft\u00bb css=\u00bb.vc_custom_1525372391115{padding-top: 5% !important;padding-bottom: 5% !important;}\u00bb][vc_column_inner column_padding=\u00bbno-extra-padding\u00bb column_padding_position=\u00bball\u00bb background_color_opacity=\u00bb1&#8243; width=\u00bb1\/1&#8243; column_border_width=\u00bbnone\u00bb column_border_style=\u00bbsolid\u00bb][vc_column_text]Para mais informa\u00e7\u00f5es consulte o site oficial do regulamento: EU General Data Protection Regulation (GDPR)[\/vc_column_text][\/vc_column_inner][\/vc_row_inner][\/vc_column][\/vc_row]\n","protected":false},"excerpt":{"rendered":"<p>[vc_row type=\u00bbfull_width_background\u00bb full_screen_row_position=\u00bbmiddle\u00bb bg_image=\u00bb6549&#8243; bg_position=\u00bbcenter center\u00bb bg_repeat=\u00bbno-repeat\u00bb full_height=\u00bbyes\u00bb parallax_bg=\u00bbtrue\u00bb parallax_bg_speed=\u00bbfast\u00bb bg_color=\u00bb#333333&#8243; scene_position=\u00bbcenter\u00bb video_bg=\u00bbuse_video\u00bb video_mute=\u00bbtrue\u00bb text_color=\u00bblight\u00bb text_align=\u00bbleft\u00bb color_overlay=\u00bb#0a0a0a\u00bb overlay_strength=\u00bb0.5&#8243;][vc_column column_padding=\u00bbno-extra-padding\u00bb column_padding_position=\u00bball\u00bb background_color_opacity=\u00bb1&#8243; background_hover_color_opacity=\u00bb1&#8243; column_shadow=\u00bbnone\u00bb width=\u00bb1\/2&#8243; tablet_text_alignment=\u00bbdefault\u00bb phone_text_alignment=\u00bbdefault\u00bb column_border_width=\u00bbnone\u00bb column_border_style=\u00bbsolid\u00bb][vc_custom_heading text=\u00bbPol\u00edtica de&#8230;<\/p>\n","protected":false},"author":1,"featured_media":0,"parent":0,"menu_order":60,"comment_status":"closed","ping_status":"closed","template":"","meta":{"footnotes":""},"class_list":["post-6671","page","type-page","status-publish"],"_links":{"self":[{"href":"https:\/\/lab52-medicalsupplies.com\/es\/wp-json\/wp\/v2\/pages\/6671","targetHints":{"allow":["GET"]}}],"collection":[{"href":"https:\/\/lab52-medicalsupplies.com\/es\/wp-json\/wp\/v2\/pages"}],"about":[{"href":"https:\/\/lab52-medicalsupplies.com\/es\/wp-json\/wp\/v2\/types\/page"}],"author":[{"embeddable":true,"href":"https:\/\/lab52-medicalsupplies.com\/es\/wp-json\/wp\/v2\/users\/1"}],"replies":[{"embeddable":true,"href":"https:\/\/lab52-medicalsupplies.com\/es\/wp-json\/wp\/v2\/comments?post=6671"}],"version-history":[{"count":4,"href":"https:\/\/lab52-medicalsupplies.com\/es\/wp-json\/wp\/v2\/pages\/6671\/revisions"}],"predecessor-version":[{"id":8264,"href":"https:\/\/lab52-medicalsupplies.com\/es\/wp-json\/wp\/v2\/pages\/6671\/revisions\/8264"}],"wp:attachment":[{"href":"https:\/\/lab52-medicalsupplies.com\/es\/wp-json\/wp\/v2\/media?parent=6671"}],"curies":[{"name":"wp","href":"https:\/\/api.w.org\/{rel}","templated":true}]}}